{"id":2,"date":"2025-03-04T19:52:50","date_gmt":"2025-03-04T19:52:50","guid":{"rendered":"https:\/\/mercadonia.com.py\/?page_id=2"},"modified":"2025-03-07T15:06:17","modified_gmt":"2025-03-07T15:06:17","slug":"proyectos","status":"publish","type":"page","link":"https:\/\/mercadonia.com.py\/index.php\/proyectos\/","title":{"rendered":"Proyectos"},"content":{"rendered":"\r\n<p>Desarrollamos la primera app de reclutamiento con algoritmos de matching inteligente en Paraguay. Este proyecto alcanz\u00f3 m\u00e1s de 25.000 descargas en menos de 6 meses y culmin\u00f3 en un exitoso <em>exit<\/em> en 2024, tras su adquisici\u00f3n por uno de los grupos bancarios m\u00e1s grandes del pa\u00eds.<\/p>\r\n\r\n\r\n\r\n<blockquote class=\"wp-block-quote is-layout-flow wp-block-quote-is-layout-flow\">\r\n<p>En Mercadonia S. A., seguimos apostando por la innovaci\u00f3n y el desarrollo de proyectos de alto impacto.<\/p>\r\n<\/blockquote>\r\n\r\n\r\n\r\n<p><strong>PR\u00d3XIMOS PROYECTOS<\/strong><\/p>\r\n\r\n\r\n\r\n<blockquote class=\"wp-block-quote is-layout-flow wp-block-quote-is-layout-flow\">\r\n<p>Estamos desarrollando un proyecto innovador en el sector de agro negocios, que busca optimizar la producci\u00f3n y promover la sostenibilidad en la cadena de valor.<\/p>\r\n\r\n\r\n\r\n<p>Plataforma E-commerce; venta de productos de suplementaci\u00f3n y salud, que ofrecer\u00e1 una experiencia personalizada y eficiente para los usuarios.<\/p>\r\n\r\n\r\n\r\n<p>Representaci\u00f3n de marcas; dentro de nuestra nueva unidad de negocios iniciaremos la representaci\u00f3n de marcas para el bienestar y la salud.<\/p>\r\n<\/blockquote>\r\n\r\n\r\n\r\n<p>&nbsp;<\/p>\r\n\r\n\r\n\r\n<p><strong>\u00bfPOR QU\u00c9 INVERTIR EN PARAGUAY?<\/strong><\/p>\r\n\r\n\r\n\r\n<p>Paraguay se ha consolidado como un pa\u00eds en desarrollo con un enorme potencial de crecimiento. Su econom\u00eda din\u00e1mica y su entorno favorable a la inversi\u00f3n lo convierten en un destino atractivo para proyectos innovadores.<\/p>\r\n\r\n\r\n\r\n<ul class=\"wp-block-list\">\r\n<li><strong>Crecimiento Sostenido:<\/strong> El pa\u00eds ha experimentado un crecimiento constante en los \u00faltimos a\u00f1os, impulsado por sectores clave como la agricultura, la industria y los servicios.<\/li>\r\n<li>\u00a0<\/li>\r\n\r\n\r\n\r\n<li><strong>Clima de Inversi\u00f3n:<\/strong> Paraguay ofrece un marco legal favorable a la inversi\u00f3n extranjera, con incentivos fiscales y seguridad jur\u00eddica para los inversores.<\/li>\r\n<li>\u00a0<\/li>\r\n\r\n\r\n\r\n<li><strong>Talento Humano:<\/strong> El pa\u00eds cuenta con una fuerza laboral joven y capacitada, dispuesta a asumir los desaf\u00edos de la innovaci\u00f3n y la tecnolog\u00eda.<\/li>\r\n<li>\u00a0<\/li>\r\n\r\n\r\n\r\n<li><strong>Estabilidad Macro-econ\u00f3mica:<\/strong> Paraguay ha mantenido una pol\u00edtica macroecon\u00f3mica estable y predecible, lo que genera confianza en los inversores y favorece el crecimiento a largo plazo.<\/li>\r\n<li>\u00a0<\/li>\r\n<li><strong style=\"color: var(--wp--preset--color--custom-text-color);\">Infraestructura en Desarrollo:<\/strong><span style=\"color: var(--wp--preset--color--custom-text-color);\"> El gobierno paraguayo est\u00e1 invirtiendo en la mejora de la infraestructura del pa\u00eds, lo que facilita el desarrollo de nuevos proyectos y la expansi\u00f3n de las empresas existentes.<\/span><\/li>\r\n<\/ul>\r\n","protected":false},"excerpt":{"rendered":"<p>Desarrollamos la primera app de reclutamiento con algoritmos de matching inteligente en Paraguay. Este proyecto alcanz\u00f3 m\u00e1s de 25.000 descargas en menos de 6 meses y culmin\u00f3 en un exitoso exit en 2024, tras su adquisici\u00f3n por uno de los grupos bancarios m\u00e1s grandes del pa\u00eds. En Mercadonia S. A., seguimos apostando por la innovaci\u00f3n [&hellip;]<\/p>\n","protected":false},"author":1,"featured_media":0,"parent":0,"menu_order":0,"comment_status":"closed","ping_status":"open","template":"","meta":{"footnotes":""},"class_list":["post-2","page","type-page","status-publish","hentry"],"_links":{"self":[{"href":"https:\/\/mercadonia.com.py\/index.php\/wp-json\/wp\/v2\/pages\/2","targetHints":{"allow":["GET"]}}],"collection":[{"href":"https:\/\/mercadonia.com.py\/index.php\/wp-json\/wp\/v2\/pages"}],"about":[{"href":"https:\/\/mercadonia.com.py\/index.php\/wp-json\/wp\/v2\/types\/page"}],"author":[{"embeddable":true,"href":"https:\/\/mercadonia.com.py\/index.php\/wp-json\/wp\/v2\/users\/1"}],"replies":[{"embeddable":true,"href":"https:\/\/mercadonia.com.py\/index.php\/wp-json\/wp\/v2\/comments?post=2"}],"version-history":[{"count":4,"href":"https:\/\/mercadonia.com.py\/index.php\/wp-json\/wp\/v2\/pages\/2\/revisions"}],"predecessor-version":[{"id":19,"href":"https:\/\/mercadonia.com.py\/index.php\/wp-json\/wp\/v2\/pages\/2\/revisions\/19"}],"wp:attachment":[{"href":"https:\/\/mercadonia.com.py\/index.php\/wp-json\/wp\/v2\/media?parent=2"}],"curies":[{"name":"wp","href":"https:\/\/api.w.org\/{rel}","templated":true}]}}